{"id":14,"date":"2021-05-23T11:49:43","date_gmt":"2021-05-23T11:49:43","guid":{"rendered":"http:\/\/dekena-mt.de\/?page_id=14"},"modified":"2025-01-21T11:32:26","modified_gmt":"2025-01-21T11:32:26","slug":"impressum","status":"publish","type":"page","link":"https:\/\/dekena-mt.de\/?page_id=14","title":{"rendered":"Impressum"},"content":{"rendered":"\t\t<div data-elementor-type=\"wp-page\" data-elementor-id=\"14\" class=\"elementor elementor-14\" data-elementor-settings=\"[]\">\n\t\t\t\t\t\t\t<div class=\"elementor-section-wrap\">\n\t\t\t\t\t\t\t<section class=\"elementor-section elementor-top-section elementor-element elementor-element-22498813 elementor-section-boxed elementor-section-height-default elementor-section-height-default\" data-id=\"22498813\" data-element_type=\"section\">\n\t\t\t\t\t\t<div class=\"elementor-container elementor-column-gap-default\">\n\t\t\t\t\t<div class=\"elementor-column elementor-col-100 elementor-top-column elementor-element elementor-element-4d261d95\" data-id=\"4d261d95\" data-element_type=\"column\">\n\t\t\t<div class=\"elementor-widget-wrap elementor-element-populated\">\n\t\t\t\t\t\t\t\t<div class=\"elementor-element elementor-element-3120927 elementor-widget elementor-widget-text-editor\" data-id=\"3120927\" data-element_type=\"widget\" data-widget_type=\"text-editor.default\">\n\t\t\t\t<div class=\"elementor-widget-container\">\n\t\t\t\t\t\t\t\t<!-- wp:paragraph -->\n<p><strong>Impressum<br \/><\/strong><strong>Angaben gem\u00e4\u00df \u00a7 5 TMG<\/strong><\/p>\n<!-- \/wp:paragraph --><!-- wp:paragraph -->\n<p>Dekena Maschinentechnik GmbH <br \/>26427 Stedesdorf, Nettelburger Stra\u00dfe 2<\/p>\n<!-- \/wp:paragraph --><!-- wp:paragraph -->\n<p>Handelsregister: HRB 205321 Registergericht: Registergericht Aurich<\/p>\n<!-- \/wp:paragraph --><!-- wp:paragraph -->\n<p><strong>Vertreten durch:<\/strong><\/p>\n<!-- \/wp:paragraph --><!-- wp:paragraph -->\n<p>Marvin Dekena<\/p>\n<!-- \/wp:paragraph --><!-- wp:paragraph -->\n<p><strong>Kontakt<\/strong><\/p>\n<!-- \/wp:paragraph --><!-- wp:paragraph -->\n<p>Telefon: +49 4971-94 96 480<\/p>\n<p>E-Mail: info@dekena-mt.de<\/p>\n<!-- \/wp:paragraph --><!-- wp:paragraph -->\n<p><strong>Umsatzsteuer-ID<\/strong><\/p>\n<!-- \/wp:paragraph --><!-- wp:paragraph -->\n<p>Umsatzsteuer-Identifikationsnummer gem\u00e4\u00df \u00a7 27 a Umsatzsteuergesetz: DE328995661<\/p>\n<!-- \/wp:paragraph --><!-- wp:paragraph -->\n<p><strong>Berufsbezeichnung und berufsrechtliche Regelungen<\/strong><\/p>\n<!-- \/wp:paragraph --><!-- wp:paragraph -->\n<p>Berufsbezeichnung: Maschinentechnik<br \/>Zust\u00e4ndige Kammer: IHK Industrie- und Handelskammer f\u00fcr Ostfriesland und Papenburg Verliehen in: Deutschland<\/p>\n<!-- \/wp:paragraph --><!-- wp:paragraph -->\n<p>Es gelten folgende berufsrechtliche Regelungen:<\/p>\n<!-- \/wp:paragraph --><!-- wp:paragraph -->\n<p><strong>Angaben zur Berufshaftpflichtversicherung\u00a0<\/strong><strong>Name und Sitz des Versicherers:<\/strong><\/p>\n<!-- \/wp:paragraph --><!-- wp:paragraph -->\n<p>N\u00fcrnberger Versicherung Artndtstr. 15 49078 Osnabr\u00fcck.<\/p>\n<!-- \/wp:paragraph --><!-- wp:paragraph -->\n<p><strong>EU-Streitschlichtung<\/strong><\/p>\n<!-- \/wp:paragraph --><!-- wp:paragraph -->\n<p>Die Europ\u00e4ische Kommission stellt eine Plattform zur Online-Streitbeilegung (OS) bereit:\u00a0https:\/\/ec.europa.eu\/consumers\/odr\/.<br \/>Unsere E-Mail-Adresse finden Sie oben im Impressum.<\/p>\n<!-- \/wp:paragraph --><!-- wp:paragraph -->\n<p><strong>Verbraucherstreitbeilegung\/Universalschlichtungsstelle<\/strong><\/p>\n<!-- \/wp:paragraph --><!-- wp:paragraph -->\n<p>Wir nehmen an einem Streitbeilegungsverfahren vor einer Verbraucherschlichtungsstelle teil. Zust\u00e4ndig ist die Universalschlichtungsstelle des Zentrums f\u00fcr Schlichtung e.V., Stra\u00dfburger Stra\u00dfe 8, 77694 Kehl am Rhein (<br \/>https:\/\/www.verbraucher-schlichter.de).<\/p>\n<!-- \/wp:paragraph --><!-- wp:paragraph -->\n<p><strong>Haftung f\u00fcr Inhalte<\/strong><\/p>\n<!-- \/wp:paragraph --><!-- wp:paragraph -->\n<p>Als Diensteanbieter sind wir gem\u00e4\u00df \u00a7 7 Abs.1 TMG f\u00fcr eigene Inhalte auf diesen Seiten nach den allgemeinen Gesetzen verantwortlich. Nach \u00a7\u00a7 8 bis 10 TMG sind wir als Diensteanbieter jedoch nicht verpflichtet, \u00fcbermittelte oder gespeicherte fremde Informationen zu \u00fcberwachen oder nach Umst\u00e4nden zu forschen, die auf eine rechtswidrige T\u00e4tigkeit hinweisen.<\/p>\n<!-- \/wp:paragraph --><!-- wp:paragraph -->\n<p>Verpflichtungen zur Entfernung oder Sperrung der Nutzung von Informationen nach den allgemeinen Gesetzen bleiben hiervon unber\u00fchrt. Eine diesbez\u00fcgliche Haftung ist jedoch erst ab dem Zeitpunkt der Kenntnis einer konkreten Rechtsverletzung m\u00f6glich. Bei Bekanntwerden von entsprechenden Rechtsverletzungen werden wir diese Inhalte umgehend entfernen.<\/p>\n<!-- \/wp:paragraph --><!-- wp:paragraph -->\n<p><strong>Haftung f\u00fcr Links<\/strong><\/p>\n<!-- \/wp:paragraph --><!-- wp:paragraph -->\n<p>Unser Angebot enth\u00e4lt Links zu externen Websites Dritter, auf deren Inhalte wir keinen Einfluss haben. Deshalb k\u00f6nnen wir f\u00fcr diese fremden Inhalte auch keine Gew\u00e4hr \u00fcbernehmen. F\u00fcr die Inhalte der verlinkten Seiten ist stets der jeweilige Anbieter oder Betreiber der Seiten verantwortlich. Die verlinkten Seiten wurden zum Zeitpunkt der Verlinkung auf m\u00f6gliche Rechtsverst\u00f6\u00dfe \u00fcberpr\u00fcft. Rechtswidrige Inhalte waren zum Zeitpunkt der Verlinkung nicht erkennbar.<\/p>\n<!-- \/wp:paragraph --><!-- wp:paragraph -->\n<p>Eine permanente inhaltliche Kontrolle der verlinkten Seiten ist jedoch ohne konkrete Anhaltspunkte einer Rechtsverletzung nicht zumutbar. Bei Bekanntwerden von Rechtsverletzungen werden wir derartige Links umgehend entfernen.<\/p>\n<!-- \/wp:paragraph --><!-- wp:paragraph -->\n<p><strong>Urheberrecht<\/strong><\/p>\n<!-- \/wp:paragraph --><!-- wp:paragraph -->\n<p>Die durch die Seitenbetreiber erstellten Inhalte und Werke auf diesen Seiten unterliegen dem deutschen Urheberrecht. Die Vervielf\u00e4ltigung, Bearbeitung, Verbreitung und jede Art der Verwertung au\u00dferhalb der Grenzen des Urheberrechtes bed\u00fcrfen der schriftlichen Zustimmung des jeweiligen Autors bzw. Erstellers. Downloads und Kopien dieser Seite sind nur f\u00fcr den privaten, nicht kommerziellen Gebrauch gestattet.<\/p>\n<!-- \/wp:paragraph --><!-- wp:paragraph -->\n<p>Soweit die Inhalte auf dieser Seite nicht vom Betreiber erstellt wurden, werden die Urheberrechte Dritter beachtet. Insbesondere werden Inhalte Dritter als solche gekennzeichnet. Sollten Sie trotzdem auf eine Urheberrechtsverletzung aufmerksam werden, bitten wir um einen entsprechenden Hinweis. Bei Bekanntwerden von Rechtsverletzungen werden wir derartige Inhalte umgehend entfernen.<\/p>\n<!-- \/wp:paragraph --><!-- wp:paragraph -->\n<p>Quelle:<\/p>\n<!-- \/wp:paragraph --><!-- wp:paragraph -->\n<p><a href=\"https:\/\/www.e-recht24.de\/impressum-generator.html\">https:\/\/www.e-recht24.de\/impressum-generator.html<\/a><\/p>\n<!-- \/wp:paragraph -->\t\t\t\t\t\t<\/div>\n\t\t\t\t<\/div>\n\t\t\t\t\t<\/div>\n\t\t<\/div>\n\t\t\t\t\t\t\t<\/div>\n\t\t<\/section>\n\t\t\t\t\t\t<\/div>\n\t\t\t\t\t<\/div>\n\t\t","protected":false},"excerpt":{"rendered":"<p>ImpressumAngaben gem\u00e4\u00df \u00a7 5 TMG Dekena Maschinentechnik GmbH 26427 Stedesdorf, Nettelburger Stra\u00dfe 2 Handelsregister: HRB 205321 Registergericht: Registergericht Aurich Vertreten durch: Marvin Dekena Kontakt Telefon: +49 4971-94 96 480 E-Mail: info@dekena-mt.de Umsatzsteuer-ID Umsatzsteuer-Identifikationsnummer gem\u00e4\u00df \u00a7 27 a Umsatzsteuergesetz: DE328995661 Berufsbezeichnung und berufsrechtliche Regelungen Berufsbezeichnung: MaschinentechnikZust\u00e4ndige Kammer: IHK Industrie- und Handelskammer f\u00fcr Ostfriesland und Papenburg Verliehen [&hellip;]<\/p>\n","protected":false},"author":1,"featured_media":0,"parent":0,"menu_order":0,"comment_status":"closed","ping_status":"closed","template":"","meta":{"ocean_post_layout":"","ocean_both_sidebars_style":"","ocean_both_sidebars_content_width":0,"ocean_both_sidebars_sidebars_width":0,"ocean_sidebar":"0","ocean_second_sidebar":"0","ocean_disable_margins":"enable","ocean_add_body_class":"","ocean_shortcode_before_top_bar":"","ocean_shortcode_after_top_bar":"","ocean_shortcode_before_header":"","ocean_shortcode_after_header":"","ocean_has_shortcode":"","ocean_shortcode_after_title":"","ocean_shortcode_before_footer_widgets":"","ocean_shortcode_after_footer_widgets":"","ocean_shortcode_before_footer_bottom":"","ocean_shortcode_after_footer_bottom":"","ocean_display_top_bar":"default","ocean_display_header":"default","ocean_header_style":"","ocean_center_header_left_menu":"0","ocean_custom_header_template":"0","ocean_custom_logo":0,"ocean_custom_retina_logo":0,"ocean_custom_logo_max_width":0,"ocean_custom_logo_tablet_max_width":0,"ocean_custom_logo_mobile_max_width":0,"ocean_custom_logo_max_height":0,"ocean_custom_logo_tablet_max_height":0,"ocean_custom_logo_mobile_max_height":0,"ocean_header_custom_menu":"0","ocean_menu_typo_font_family":"0","ocean_menu_typo_font_subset":"","ocean_menu_typo_font_size":0,"ocean_menu_typo_font_size_tablet":0,"ocean_menu_typo_font_size_mobile":0,"ocean_menu_typo_font_size_unit":"px","ocean_menu_typo_font_weight":"","ocean_menu_typo_font_weight_tablet":"","ocean_menu_typo_font_weight_mobile":"","ocean_menu_typo_transform":"","ocean_menu_typo_transform_tablet":"","ocean_menu_typo_transform_mobile":"","ocean_menu_typo_line_height":0,"ocean_menu_typo_line_height_tablet":0,"ocean_menu_typo_line_height_mobile":0,"ocean_menu_typo_line_height_unit":"","ocean_menu_typo_spacing":0,"ocean_menu_typo_spacing_tablet":0,"ocean_menu_typo_spacing_mobile":0,"ocean_menu_typo_spacing_unit":"","ocean_menu_link_color":"","ocean_menu_link_color_hover":"","ocean_menu_link_color_active":"","ocean_menu_link_background":"","ocean_menu_link_hover_background":"","ocean_menu_link_active_background":"","ocean_menu_social_links_bg":"","ocean_menu_social_hover_links_bg":"","ocean_menu_social_links_color":"","ocean_menu_social_hover_links_color":"","ocean_disable_title":"on","ocean_disable_heading":"default","ocean_post_title":"","ocean_post_subheading":"","ocean_post_title_style":"","ocean_post_title_background_color":"","ocean_post_title_background":0,"ocean_post_title_bg_image_position":"","ocean_post_title_bg_image_attachment":"","ocean_post_title_bg_image_repeat":"","ocean_post_title_bg_image_size":"","ocean_post_title_height":0,"ocean_post_title_bg_overlay":0.5,"ocean_post_title_bg_overlay_color":"","ocean_disable_breadcrumbs":"default","ocean_breadcrumbs_color":"","ocean_breadcrumbs_separator_color":"","ocean_breadcrumbs_links_color":"","ocean_breadcrumbs_links_hover_color":"","ocean_display_footer_widgets":"default","ocean_display_footer_bottom":"default","ocean_custom_footer_template":"0","footnotes":""},"class_list":["post-14","page","type-page","status-publish","hentry","entry"],"yoast_head":"<!-- This site is optimized with the Yoast SEO plugin v16.4 - https:\/\/yoast.com\/wordpress\/plugins\/seo\/ -->\n<title>Impressum - Dekena Maschinentechnik GmbH<\/title>\n<meta name=\"robots\" content=\"index, follow, max-snippet:-1, max-image-preview:large, max-video-preview:-1\" \/>\n<link rel=\"canonical\" href=\"https:\/\/dekena-mt.de\/?page_id=14\" \/>\n<meta property=\"og:locale\" content=\"de_DE\" \/>\n<meta property=\"og:type\" content=\"article\" \/>\n<meta property=\"og:title\" content=\"Impressum - Dekena Maschinentechnik GmbH\" \/>\n<meta property=\"og:description\" content=\"ImpressumAngaben gem\u00e4\u00df \u00a7 5 TMG Dekena Maschinentechnik GmbH 26427 Stedesdorf, Nettelburger Stra\u00dfe 2 Handelsregister: HRB 205321 Registergericht: Registergericht Aurich Vertreten durch: Marvin Dekena Kontakt Telefon: +49 4971-94 96 480 E-Mail: info@dekena-mt.de Umsatzsteuer-ID Umsatzsteuer-Identifikationsnummer gem\u00e4\u00df \u00a7 27 a Umsatzsteuergesetz: DE328995661 Berufsbezeichnung und berufsrechtliche Regelungen Berufsbezeichnung: MaschinentechnikZust\u00e4ndige Kammer: IHK Industrie- und Handelskammer f\u00fcr Ostfriesland und Papenburg Verliehen [&hellip;]\" \/>\n<meta property=\"og:url\" content=\"https:\/\/dekena-mt.de\/?page_id=14\" \/>\n<meta property=\"og:site_name\" content=\"Dekena Maschinentechnik GmbH\" \/>\n<meta property=\"article:modified_time\" content=\"2025-01-21T11:32:26+00:00\" \/>\n<meta name=\"twitter:card\" content=\"summary_large_image\" \/>\n<meta name=\"twitter:label1\" content=\"Gesch\u00e4tzte Lesezeit\" \/>\n\t<meta name=\"twitter:data1\" content=\"2\u00a0Minuten\" \/>\n<script type=\"application\/ld+json\" class=\"yoast-schema-graph\">{\"@context\":\"https:\/\/schema.org\",\"@graph\":[{\"@type\":\"WebSite\",\"@id\":\"https:\/\/dekena-mt.de\/#website\",\"url\":\"https:\/\/dekena-mt.de\/\",\"name\":\"Dekena Maschinentechnik GmbH\",\"description\":\"\",\"potentialAction\":[{\"@type\":\"SearchAction\",\"target\":\"https:\/\/dekena-mt.de\/?s={search_term_string}\",\"query-input\":\"required name=search_term_string\"}],\"inLanguage\":\"de\"},{\"@type\":\"WebPage\",\"@id\":\"https:\/\/dekena-mt.de\/?page_id=14#webpage\",\"url\":\"https:\/\/dekena-mt.de\/?page_id=14\",\"name\":\"Impressum - Dekena Maschinentechnik GmbH\",\"isPartOf\":{\"@id\":\"https:\/\/dekena-mt.de\/#website\"},\"datePublished\":\"2021-05-23T11:49:43+00:00\",\"dateModified\":\"2025-01-21T11:32:26+00:00\",\"breadcrumb\":{\"@id\":\"https:\/\/dekena-mt.de\/?page_id=14#breadcrumb\"},\"inLanguage\":\"de\",\"potentialAction\":[{\"@type\":\"ReadAction\",\"target\":[\"https:\/\/dekena-mt.de\/?page_id=14\"]}]},{\"@type\":\"BreadcrumbList\",\"@id\":\"https:\/\/dekena-mt.de\/?page_id=14#breadcrumb\",\"itemListElement\":[{\"@type\":\"ListItem\",\"position\":1,\"item\":{\"@type\":\"WebPage\",\"@id\":\"https:\/\/dekena-mt.de\/\",\"url\":\"https:\/\/dekena-mt.de\/\",\"name\":\"Startseite\"}},{\"@type\":\"ListItem\",\"position\":2,\"item\":{\"@id\":\"https:\/\/dekena-mt.de\/?page_id=14#webpage\"}}]}]}<\/script>\n<!-- \/ Yoast SEO plugin. -->","_links":{"self":[{"href":"https:\/\/dekena-mt.de\/index.php?rest_route=\/wp\/v2\/pages\/14","targetHints":{"allow":["GET"]}}],"collection":[{"href":"https:\/\/dekena-mt.de\/index.php?rest_route=\/wp\/v2\/pages"}],"about":[{"href":"https:\/\/dekena-mt.de\/index.php?rest_route=\/wp\/v2\/types\/page"}],"author":[{"embeddable":true,"href":"https:\/\/dekena-mt.de\/index.php?rest_route=\/wp\/v2\/users\/1"}],"replies":[{"embeddable":true,"href":"https:\/\/dekena-mt.de\/index.php?rest_route=%2Fwp%2Fv2%2Fcomments&post=14"}],"version-history":[{"count":11,"href":"https:\/\/dekena-mt.de\/index.php?rest_route=\/wp\/v2\/pages\/14\/revisions"}],"predecessor-version":[{"id":1018,"href":"https:\/\/dekena-mt.de\/index.php?rest_route=\/wp\/v2\/pages\/14\/revisions\/1018"}],"wp:attachment":[{"href":"https:\/\/dekena-mt.de\/index.php?rest_route=%2Fwp%2Fv2%2Fmedia&parent=14"}],"curies":[{"name":"wp","href":"https:\/\/api.w.org\/{rel}","templated":true}]}}